{"id":3326,"date":"2024-01-24T13:32:17","date_gmt":"2024-01-24T11:32:17","guid":{"rendered":"http:\/\/www.tn-laituri.fi\/om-oss\/"},"modified":"2025-02-04T19:25:44","modified_gmt":"2025-02-04T17:25:44","slug":"om-oss","status":"publish","type":"page","link":"https:\/\/www.tn-laituri.fi\/sv\/om-oss\/","title":{"rendered":"Om oss"},"content":{"rendered":"\t\t<div data-elementor-type=\"wp-page\" data-elementor-id=\"3326\" class=\"elementor elementor-3326 elementor-1201\" data-elementor-post-type=\"page\">\n\t\t\t\t<section class=\"e-con-top elementor-element elementor-element-e573ff7 rey-section-stretched e-con-full e-flex e-con e-parent\" data-id=\"e573ff7\" data-element_type=\"container\" data-e-type=\"container\" data-settings=\"{&quot;background_background&quot;:&quot;classic&quot;,&quot;_ob_use_container_extras&quot;:&quot;no&quot;,&quot;_ob_column_hoveranimator&quot;:&quot;no&quot;,&quot;_ob_glider_is_slider&quot;:&quot;no&quot;,&quot;_ob_column_has_pseudo&quot;:&quot;no&quot;}\">\n\t\t\t\t<div class=\"elementor-element elementor-element-d39a28f ob-has-background-overlay elementor-widget elementor-widget-video\" data-id=\"d39a28f\" data-element_type=\"widget\" data-e-type=\"widget\" data-settings=\"{&quot;youtube_url&quot;:&quot;https:\\\/\\\/youtu.be\\\/obsuJSJtpvM&quot;,&quot;autoplay&quot;:&quot;yes&quot;,&quot;play_on_mobile&quot;:&quot;yes&quot;,&quot;yt_privacy&quot;:&quot;yes&quot;,&quot;video_type&quot;:&quot;youtube&quot;,&quot;controls&quot;:&quot;yes&quot;,&quot;_ob_widget_stalker_use&quot;:&quot;no&quot;,&quot;_ob_poopart_use&quot;:&quot;yes&quot;,&quot;_ob_shadough_use&quot;:&quot;no&quot;,&quot;_ob_allow_hoveranimator&quot;:&quot;no&quot;}\" data-widget_type=\"video.default\">\n\t\t\t\t<div class=\"elementor-widget-container\">\n\t\t\t\t\t\t\t<div class=\"elementor-wrapper elementor-open-inline\">\n\t\t\t<div class=\"elementor-video\"><\/div>\t\t<\/div>\n\t\t\t\t\t\t<\/div>\n\t\t\t\t<\/div>\n\t\t\t\t<\/section>\n\t\t<section class=\"e-con-top elementor-element elementor-element-8dd392d rey-section-stretched e-flex e-con-boxed e-con e-parent\" data-id=\"8dd392d\" data-element_type=\"container\" data-e-type=\"container\" data-settings=\"{&quot;background_background&quot;:&quot;classic&quot;,&quot;_ob_use_container_extras&quot;:&quot;no&quot;,&quot;_ob_column_hoveranimator&quot;:&quot;no&quot;,&quot;_ob_glider_is_slider&quot;:&quot;no&quot;,&quot;_ob_column_has_pseudo&quot;:&quot;no&quot;}\">\n\t\t\t\t\t<div class=\"e-con-inner\">\n\t\t<div class=\"elementor-element elementor-element-5dbad55 e-flex e-con-boxed e-con e-child\" data-id=\"5dbad55\" data-element_type=\"container\" data-e-type=\"container\" data-settings=\"{&quot;_ob_use_container_extras&quot;:&quot;no&quot;,&quot;_ob_column_hoveranimator&quot;:&quot;no&quot;,&quot;_ob_glider_is_slider&quot;:&quot;no&quot;,&quot;_ob_column_has_pseudo&quot;:&quot;no&quot;}\">\n\t\t\t\t\t<div class=\"e-con-inner\">\n\t\t\t\t<div class=\"elementor-element elementor-element-be450c7 ob-has-background-overlay elementor-widget elementor-widget-button\" data-id=\"be450c7\" data-element_type=\"widget\" data-e-type=\"widget\" data-settings=\"{&quot;_ob_butterbutton_use_it&quot;:&quot;no&quot;,&quot;_ob_widget_stalker_use&quot;:&quot;no&quot;,&quot;_ob_poopart_use&quot;:&quot;yes&quot;,&quot;_ob_shadough_use&quot;:&quot;no&quot;,&quot;_ob_allow_hoveranimator&quot;:&quot;no&quot;}\" data-widget_type=\"button.default\">\n\t\t\t\t<div class=\"elementor-widget-container\">\n\t\t\t\t\t\t\t\t\t<div class=\"elementor-button-wrapper\">\n\t\t\t\t\t<a class=\"elementor-button elementor-button-link elementor-size-sm\" href=\"https:\/\/www.tn-laituri.fi\/sv\/\">\n\t\t\t\t\t\t<span class=\"elementor-button-content-wrapper\">\n\t\t\t\t\t\t<span class=\"elementor-button-icon\">\n\t\t\t\t<i aria-hidden=\"true\" class=\"fas fa-arrow-circle-left\"><\/i>\t\t\t<\/span>\n\t\t\t\t\t\t\t\t\t<span class=\"elementor-button-text\">Till startsidan<\/span>\n\t\t\t\t\t<\/span>\n\t\t\t\t\t<\/a>\n\t\t\t\t<\/div>\n\t\t\t\t\t\t\t\t<\/div>\n\t\t\t\t<\/div>\n\t\t\t\t<div class=\"elementor-element elementor-element-18b4476 ob-has-background-overlay elementor-widget elementor-widget-image\" data-id=\"18b4476\" data-element_type=\"widget\" data-e-type=\"widget\" data-settings=\"{&quot;_ob_photomorph_use&quot;:&quot;no&quot;,&quot;_ob_widget_stalker_use&quot;:&quot;no&quot;,&quot;_ob_poopart_use&quot;:&quot;yes&quot;,&quot;_ob_shadough_use&quot;:&quot;no&quot;,&quot;_ob_allow_hoveranimator&quot;:&quot;no&quot;}\" data-widget_type=\"image.default\">\n\t\t\t\t<div class=\"elementor-widget-container\">\n\t\t\t\t\t\t\t\t\t\t\t\t\t\t\t<img fetchpriority=\"high\" decoding=\"async\" width=\"297\" height=\"173\" src=\"https:\/\/www.tn-laituri.fi\/wp-content\/uploads\/2024\/02\/rala_logo.webp\" class=\"attachment-large size-large wp-image-3189\" alt=\"\" \/>\t\t\t\t\t\t\t\t\t\t\t\t\t\t\t<\/div>\n\t\t\t\t<\/div>\n\t\t\t\t\t<\/div>\n\t\t\t\t<\/div>\n\t\t\t\t<div class=\"elementor-element elementor-element-751fc68 ob-harakiri-inherit ob-has-background-overlay elementor-widget elementor-widget-heading\" data-id=\"751fc68\" data-element_type=\"widget\" data-e-type=\"widget\" data-settings=\"{&quot;_ob_use_harakiri&quot;:&quot;yes&quot;,&quot;_ob_harakiri_writing_mode&quot;:&quot;inherit&quot;,&quot;_ob_harakiri_text_clip&quot;:&quot;none&quot;,&quot;_ob_widget_stalker_use&quot;:&quot;no&quot;,&quot;_ob_poopart_use&quot;:&quot;yes&quot;,&quot;_ob_shadough_use&quot;:&quot;no&quot;,&quot;_ob_allow_hoveranimator&quot;:&quot;no&quot;}\" data-widget_type=\"heading.default\">\n\t\t\t\t<div class=\"elementor-widget-container\">\n\t\t\t\t\t<h1 class=\"elementor-heading-title elementor-size-default\">Om oss<\/h1>\t\t\t\t<\/div>\n\t\t\t\t<\/div>\n\t\t\t\t<div class=\"elementor-element elementor-element-3bc21fe elementor-widget__width-initial elementor-widget-tablet_extra__width-inherit ob-harakiri-inherit ob-has-background-overlay elementor-widget elementor-widget-text-editor\" data-id=\"3bc21fe\" data-element_type=\"widget\" data-e-type=\"widget\" data-settings=\"{&quot;_ob_use_harakiri&quot;:&quot;yes&quot;,&quot;_ob_harakiri_writing_mode&quot;:&quot;inherit&quot;,&quot;_ob_postman_use&quot;:&quot;no&quot;,&quot;_ob_widget_stalker_use&quot;:&quot;no&quot;,&quot;_ob_poopart_use&quot;:&quot;yes&quot;,&quot;_ob_shadough_use&quot;:&quot;no&quot;,&quot;_ob_allow_hoveranimator&quot;:&quot;no&quot;}\" data-widget_type=\"text-editor.default\">\n\t\t\t\t<div class=\"elementor-widget-container\">\n\t\t\t\t\t\t\t\t\t<p>TN-Bryggan \u00e4r ett familjef\u00f6retag som bygger och levererar bryggor av olika modeller samt erbjuder helhetsl\u00f6sningar f\u00f6r b\u00e5de st\u00f6rre och mindre hamnprojekt. Vi hj\u00e4lper till att hitta r\u00e4tt brygga som passar kundens behov. \u00c4nnu viktigare, hitta r\u00e4tt brygga f\u00f6r r\u00e4tt plats. R\u00e4tt brygga och f\u00f6rankring f\u00f6r att g\u00f6ra bryggan s\u00e4ker och fungerande i v\u00e5ra olika v\u00e4derf\u00f6rh\u00e5llanden med h\u00e5rda stormar, h\u00f6gt vatten eller andra saker som p\u00e5verkar bryggans utsatthet. Tack vare v\u00e5r erfarenhet och kunskap s\u00e5 kan vi hj\u00e4lpa er att hitta r\u00e4tt brygga f\u00f6r r\u00e4tt plats!    <\/p>\n\t\t\t\t\t\t\t\t<\/div>\n\t\t\t\t<\/div>\n\t\t<div class=\"elementor-element elementor-element-87cf4f9 e-flex e-con-boxed e-con e-child\" data-id=\"87cf4f9\" data-element_type=\"container\" data-e-type=\"container\" data-settings=\"{&quot;background_background&quot;:&quot;classic&quot;,&quot;_ob_use_container_extras&quot;:&quot;no&quot;,&quot;_ob_column_hoveranimator&quot;:&quot;no&quot;,&quot;_ob_glider_is_slider&quot;:&quot;no&quot;,&quot;_ob_column_has_pseudo&quot;:&quot;no&quot;}\">\n\t\t\t\t\t<div class=\"e-con-inner\">\n\t\t<div class=\"elementor-element elementor-element-7c42738 e-con-full e-flex e-con e-child\" data-id=\"7c42738\" data-element_type=\"container\" data-e-type=\"container\" data-settings=\"{&quot;background_background&quot;:&quot;classic&quot;,&quot;_ob_use_container_extras&quot;:&quot;no&quot;,&quot;_ob_column_hoveranimator&quot;:&quot;no&quot;,&quot;_ob_glider_is_slider&quot;:&quot;no&quot;,&quot;_ob_column_has_pseudo&quot;:&quot;no&quot;}\">\n\t\t<div class=\"elementor-element elementor-element-9835271 e-flex e-con-boxed e-con e-child\" data-id=\"9835271\" data-element_type=\"container\" data-e-type=\"container\" data-settings=\"{&quot;_ob_use_container_extras&quot;:&quot;no&quot;,&quot;_ob_column_hoveranimator&quot;:&quot;no&quot;,&quot;_ob_glider_is_slider&quot;:&quot;no&quot;,&quot;_ob_column_has_pseudo&quot;:&quot;no&quot;}\">\n\t\t\t\t\t<div class=\"e-con-inner\">\n\t\t<div class=\"elementor-element elementor-element-96f4714 e-flex e-con-boxed e-con e-child\" data-id=\"96f4714\" data-element_type=\"container\" data-e-type=\"container\" data-settings=\"{&quot;_ob_use_container_extras&quot;:&quot;no&quot;,&quot;_ob_column_hoveranimator&quot;:&quot;no&quot;,&quot;_ob_glider_is_slider&quot;:&quot;no&quot;,&quot;_ob_column_has_pseudo&quot;:&quot;no&quot;}\">\n\t\t\t\t\t<div class=\"e-con-inner\">\n\t\t\t\t<div class=\"elementor-element elementor-element-6206f13 ob-harakiri-inherit ob-has-background-overlay elementor-widget elementor-widget-heading\" data-id=\"6206f13\" data-element_type=\"widget\" data-e-type=\"widget\" data-settings=\"{&quot;_ob_use_harakiri&quot;:&quot;yes&quot;,&quot;_ob_harakiri_writing_mode&quot;:&quot;inherit&quot;,&quot;_ob_harakiri_text_clip&quot;:&quot;none&quot;,&quot;_ob_widget_stalker_use&quot;:&quot;no&quot;,&quot;_ob_poopart_use&quot;:&quot;yes&quot;,&quot;_ob_shadough_use&quot;:&quot;no&quot;,&quot;_ob_allow_hoveranimator&quot;:&quot;no&quot;}\" data-widget_type=\"heading.default\">\n\t\t\t\t<div class=\"elementor-widget-container\">\n\t\t\t\t\t<h2 class=\"elementor-heading-title elementor-size-default\">Historia<\/h2>\t\t\t\t<\/div>\n\t\t\t\t<\/div>\n\t\t\t\t<div class=\"elementor-element elementor-element-7b1f082 u-last-p-margin ob-harakiri-inherit ob-has-background-overlay elementor-widget elementor-widget-text-editor\" data-id=\"7b1f082\" data-element_type=\"widget\" data-e-type=\"widget\" data-settings=\"{&quot;_ob_use_harakiri&quot;:&quot;yes&quot;,&quot;_ob_harakiri_writing_mode&quot;:&quot;inherit&quot;,&quot;_ob_postman_use&quot;:&quot;no&quot;,&quot;_ob_widget_stalker_use&quot;:&quot;no&quot;,&quot;_ob_poopart_use&quot;:&quot;yes&quot;,&quot;_ob_shadough_use&quot;:&quot;no&quot;,&quot;_ob_allow_hoveranimator&quot;:&quot;no&quot;}\" data-widget_type=\"text-editor.default\">\n\t\t\t\t<div class=\"elementor-widget-container\">\n\t\t\t\t\t\t\t\t\t<p>Allt b\u00f6rjade hemma p\u00e5 Sk\u00e5ld\u00f6 i b\u00f6rjan p\u00e5 90 talet d\u00e5 Thomas Nordstr\u00f6m b\u00f6rjade tillverka betongpontonbryggor. Idag \u00e4r det Thomas Nordstr\u00f6m, Daniel Nordstr\u00f6m och Heidi Nordstr\u00f6m som \u00e4ger och driver TN-Bryggan. <\/p>\n<p>F\u00f6r oss p\u00e5 TN-Bryggan \u00e4r det viktigt att kunna erbjuda kunden produkter och tj\u00e4nster med h\u00f6g kvalitet och personlig service.<\/p>\n<p>Idag finns vi i v\u00e5r nybyggda produktions fabrik i Horsb\u00e4ck, Eken\u00e4s. Utrymmen som \u00e4r planerade f\u00f6r v\u00e5r verksamhet, s\u00e5 att vi kan forts\u00e4tta utveckla och producera v\u00e5ra egna produkter. <\/p>\n\t\t\t\t\t\t\t\t<\/div>\n\t\t\t\t<\/div>\n\t\t\t\t<div class=\"elementor-element elementor-element-3fb4b07 --icon-style-soh ob-has-background-overlay elementor-widget elementor-widget-button\" data-id=\"3fb4b07\" data-element_type=\"widget\" data-e-type=\"widget\" data-settings=\"{&quot;_ob_butterbutton_use_it&quot;:&quot;no&quot;,&quot;_ob_widget_stalker_use&quot;:&quot;no&quot;,&quot;_ob_poopart_use&quot;:&quot;yes&quot;,&quot;_ob_shadough_use&quot;:&quot;no&quot;,&quot;_ob_allow_hoveranimator&quot;:&quot;no&quot;}\" data-widget_type=\"button.default\">\n\t\t\t\t<div class=\"elementor-widget-container\">\n\t\t\t\t\t\t\t\t\t<div class=\"elementor-button-wrapper\">\n\t\t\t\t\t<a class=\"elementor-button elementor-button-link elementor-size-sm\" href=\"https:\/\/www.tn-laituri.fi\/sv\/ta-kontakt\/\">\n\t\t\t\t\t\t<span class=\"elementor-button-content-wrapper\">\n\t\t\t\t\t\t<span class=\"--align-icon-left elementor-button-icon\">\n\t\t\t\t<i aria-hidden=\"true\" class=\"fas fa-arrow-circle-right\"><\/i>\t\t\t<\/span>\n\t\t\t\t\t\t\t\t\t<span class=\"elementor-button-text\">Kontakta oss<\/span>\n\t\t\t\t\t<\/span>\n\t\t\t\t\t<\/a>\n\t\t\t\t<\/div>\n\t\t\t\t\t\t\t\t<\/div>\n\t\t\t\t<\/div>\n\t\t\t\t\t<\/div>\n\t\t\t\t<\/div>\n\t\t<div class=\"elementor-element elementor-element-265a822 e-flex e-con-boxed e-con e-child\" data-id=\"265a822\" data-element_type=\"container\" data-e-type=\"container\" data-settings=\"{&quot;_ob_use_container_extras&quot;:&quot;no&quot;,&quot;_ob_column_hoveranimator&quot;:&quot;no&quot;,&quot;_ob_glider_is_slider&quot;:&quot;no&quot;,&quot;_ob_column_has_pseudo&quot;:&quot;no&quot;}\">\n\t\t\t\t\t<div class=\"e-con-inner\">\n\t\t\t\t<div class=\"elementor-element elementor-element-2ba067c ob-has-background-overlay elementor-widget elementor-widget-image\" data-id=\"2ba067c\" data-element_type=\"widget\" data-e-type=\"widget\" data-settings=\"{&quot;_ob_photomorph_use&quot;:&quot;no&quot;,&quot;_ob_widget_stalker_use&quot;:&quot;no&quot;,&quot;_ob_poopart_use&quot;:&quot;yes&quot;,&quot;_ob_shadough_use&quot;:&quot;no&quot;,&quot;_ob_allow_hoveranimator&quot;:&quot;no&quot;}\" data-widget_type=\"image.default\">\n\t\t\t\t<div class=\"elementor-widget-container\">\n\t\t\t\t\t\t\t\t\t\t\t\t\t\t\t<img decoding=\"async\" width=\"901\" height=\"1024\" src=\"https:\/\/www.tn-laituri.fi\/wp-content\/uploads\/2024\/01\/TN-Laituri-yrityksesta-4-1-901x1024.webp\" class=\"attachment-large size-large wp-image-2848\" alt=\"TN-Laituri, TN-bryggan tehdas Raasepori, Tammisaari, Eken\u00e4s, Raseborg\" srcset=\"https:\/\/www.tn-laituri.fi\/wp-content\/uploads\/2024\/01\/TN-Laituri-yrityksesta-4-1-901x1024.webp 901w, https:\/\/www.tn-laituri.fi\/wp-content\/uploads\/2024\/01\/TN-Laituri-yrityksesta-4-1-264x300.webp 264w, https:\/\/www.tn-laituri.fi\/wp-content\/uploads\/2024\/01\/TN-Laituri-yrityksesta-4-1-768x873.webp 768w, https:\/\/www.tn-laituri.fi\/wp-content\/uploads\/2024\/01\/TN-Laituri-yrityksesta-4-1.webp 1056w\" sizes=\"(max-width: 901px) 100vw, 901px\" \/>\t\t\t\t\t\t\t\t\t\t\t\t\t\t\t<\/div>\n\t\t\t\t<\/div>\n\t\t\t\t\t<\/div>\n\t\t\t\t<\/div>\n\t\t\t\t\t<\/div>\n\t\t\t\t<\/div>\n\t\t<div class=\"elementor-element elementor-element-ff779a5 e-flex e-con-boxed e-con e-child\" data-id=\"ff779a5\" data-element_type=\"container\" data-e-type=\"container\" data-settings=\"{&quot;_ob_use_container_extras&quot;:&quot;no&quot;,&quot;_ob_column_hoveranimator&quot;:&quot;no&quot;,&quot;_ob_glider_is_slider&quot;:&quot;no&quot;,&quot;_ob_column_has_pseudo&quot;:&quot;no&quot;}\">\n\t\t\t\t\t<div class=\"e-con-inner\">\n\t\t<div class=\"elementor-element elementor-element-9a75436 e-flex e-con-boxed e-con e-child\" data-id=\"9a75436\" data-element_type=\"container\" data-e-type=\"container\" data-settings=\"{&quot;_ob_use_container_extras&quot;:&quot;no&quot;,&quot;_ob_column_hoveranimator&quot;:&quot;no&quot;,&quot;_ob_glider_is_slider&quot;:&quot;no&quot;,&quot;_ob_column_has_pseudo&quot;:&quot;no&quot;}\">\n\t\t\t\t\t<div class=\"e-con-inner\">\n\t\t\t\t<div class=\"elementor-element elementor-element-54e11b9 ob-harakiri-inherit ob-has-background-overlay elementor-widget elementor-widget-heading\" data-id=\"54e11b9\" data-element_type=\"widget\" data-e-type=\"widget\" data-settings=\"{&quot;_ob_use_harakiri&quot;:&quot;yes&quot;,&quot;_ob_harakiri_writing_mode&quot;:&quot;inherit&quot;,&quot;_ob_harakiri_text_clip&quot;:&quot;none&quot;,&quot;_ob_widget_stalker_use&quot;:&quot;no&quot;,&quot;_ob_poopart_use&quot;:&quot;yes&quot;,&quot;_ob_shadough_use&quot;:&quot;no&quot;,&quot;_ob_allow_hoveranimator&quot;:&quot;no&quot;}\" data-widget_type=\"heading.default\">\n\t\t\t\t<div class=\"elementor-widget-container\">\n\t\t\t\t\t<h3 class=\"elementor-heading-title elementor-size-default\">Verksamhet<\/h3>\t\t\t\t<\/div>\n\t\t\t\t<\/div>\n\t\t\t\t<div class=\"elementor-element elementor-element-23de80c u-last-p-margin ob-harakiri-inherit ob-has-background-overlay elementor-widget elementor-widget-text-editor\" data-id=\"23de80c\" data-element_type=\"widget\" data-e-type=\"widget\" data-settings=\"{&quot;_ob_use_harakiri&quot;:&quot;yes&quot;,&quot;_ob_harakiri_writing_mode&quot;:&quot;inherit&quot;,&quot;_ob_postman_use&quot;:&quot;no&quot;,&quot;_ob_widget_stalker_use&quot;:&quot;no&quot;,&quot;_ob_poopart_use&quot;:&quot;yes&quot;,&quot;_ob_shadough_use&quot;:&quot;no&quot;,&quot;_ob_allow_hoveranimator&quot;:&quot;no&quot;}\" data-widget_type=\"text-editor.default\">\n\t\t\t\t<div class=\"elementor-widget-container\">\n\t\t\t\t\t\t\t\t\t<p>Vi tillverkar b\u00e5de pontonbryggor, plastpontonbryggor och bryggor i helbetong samt flytande b\u00e5thus. Bryggorna tillverkas i v\u00e5r fabrik i Eken\u00e4s och levereras till hela kustlinjen, d\u00e4ribland till Borg\u00e5, Helsingfors, Kyrksl\u00e4tt, Ing\u00e5, Eken\u00e4s, Hang\u00f6 \u00c5bo och Pargas. <\/p>\n<p>TN-Bryggan har ett sortiment av bryggmodeller f\u00f6r s\u00e5v\u00e4l stora som sm\u00e5 b\u00e5tar och f\u00f6r sm\u00e5b\u00e5tshamnar. Vi levererar bryggan som ett \u201dnyckeln i handen\u201d paket. En ordentlig brygga \u00e4r klart en stor utgift, men med r\u00e4tt planering, brygga, tillbeh\u00f6r och montering vill vi att bryggan blir en investering f\u00f6r m\u00e5nga \u00e5r fram\u00e5t.  <\/p>\n<p>En brygga kan vara en f\u00f6rl\u00e4ngning p\u00e5 sommarstugan, en plats f\u00f6r b\u00e5ten, en simtur efter bastun, en picknic p\u00e5 bryggan i solen!<\/p>\n\t\t\t\t\t\t\t\t<\/div>\n\t\t\t\t<\/div>\n\t\t\t\t<div class=\"elementor-element elementor-element-8fd874a --icon-style-soh ob-has-background-overlay elementor-widget elementor-widget-button\" data-id=\"8fd874a\" data-element_type=\"widget\" data-e-type=\"widget\" data-settings=\"{&quot;_ob_butterbutton_use_it&quot;:&quot;no&quot;,&quot;_ob_widget_stalker_use&quot;:&quot;no&quot;,&quot;_ob_poopart_use&quot;:&quot;yes&quot;,&quot;_ob_shadough_use&quot;:&quot;no&quot;,&quot;_ob_allow_hoveranimator&quot;:&quot;no&quot;}\" data-widget_type=\"button.default\">\n\t\t\t\t<div class=\"elementor-widget-container\">\n\t\t\t\t\t\t\t\t\t<div class=\"elementor-button-wrapper\">\n\t\t\t\t\t<a class=\"elementor-button elementor-button-link elementor-size-sm\" href=\"https:\/\/www.tn-laituri.fi\/sv\/bryggor\/\">\n\t\t\t\t\t\t<span class=\"elementor-button-content-wrapper\">\n\t\t\t\t\t\t<span class=\"--align-icon-left elementor-button-icon\">\n\t\t\t\t<i aria-hidden=\"true\" class=\"fas fa-arrow-circle-right\"><\/i>\t\t\t<\/span>\n\t\t\t\t\t\t\t\t\t<span class=\"elementor-button-text\">Visa bryggmodeller<\/span>\n\t\t\t\t\t<\/span>\n\t\t\t\t\t<\/a>\n\t\t\t\t<\/div>\n\t\t\t\t\t\t\t\t<\/div>\n\t\t\t\t<\/div>\n\t\t\t\t\t<\/div>\n\t\t\t\t<\/div>\n\t\t<div class=\"elementor-element elementor-element-ad56d30 e-flex e-con-boxed e-con e-child\" data-id=\"ad56d30\" data-element_type=\"container\" data-e-type=\"container\" data-settings=\"{&quot;_ob_use_container_extras&quot;:&quot;no&quot;,&quot;_ob_column_hoveranimator&quot;:&quot;no&quot;,&quot;_ob_glider_is_slider&quot;:&quot;no&quot;,&quot;_ob_column_has_pseudo&quot;:&quot;no&quot;}\">\n\t\t\t\t\t<div class=\"e-con-inner\">\n\t\t\t\t<div class=\"elementor-element elementor-element-a7fb166 ob-has-background-overlay elementor-widget elementor-widget-image\" data-id=\"a7fb166\" data-element_type=\"widget\" data-e-type=\"widget\" data-settings=\"{&quot;_ob_photomorph_use&quot;:&quot;no&quot;,&quot;_ob_widget_stalker_use&quot;:&quot;no&quot;,&quot;_ob_poopart_use&quot;:&quot;yes&quot;,&quot;_ob_shadough_use&quot;:&quot;no&quot;,&quot;_ob_allow_hoveranimator&quot;:&quot;no&quot;}\" data-widget_type=\"image.default\">\n\t\t\t\t<div class=\"elementor-widget-container\">\n\t\t\t\t\t\t\t\t\t\t\t\t\t\t\t<img decoding=\"async\" width=\"901\" height=\"1024\" src=\"https:\/\/www.tn-laituri.fi\/wp-content\/uploads\/2024\/02\/TN-Laituri-yrityksesta-9-1-901x1024.webp\" class=\"attachment-large size-large wp-image-2849\" alt=\"TN-Laituri, TN-bryggan tehdas Raasepori, Tammisaari, Eken\u00e4s, Raseborg\" srcset=\"https:\/\/www.tn-laituri.fi\/wp-content\/uploads\/2024\/02\/TN-Laituri-yrityksesta-9-1-901x1024.webp 901w, https:\/\/www.tn-laituri.fi\/wp-content\/uploads\/2024\/02\/TN-Laituri-yrityksesta-9-1-264x300.webp 264w, https:\/\/www.tn-laituri.fi\/wp-content\/uploads\/2024\/02\/TN-Laituri-yrityksesta-9-1-768x873.webp 768w, https:\/\/www.tn-laituri.fi\/wp-content\/uploads\/2024\/02\/TN-Laituri-yrityksesta-9-1.webp 1056w\" sizes=\"(max-width: 901px) 100vw, 901px\" \/>\t\t\t\t\t\t\t\t\t\t\t\t\t\t\t<\/div>\n\t\t\t\t<\/div>\n\t\t\t\t\t<\/div>\n\t\t\t\t<\/div>\n\t\t\t\t\t<\/div>\n\t\t\t\t<\/div>\n\t\t\t\t<\/div>\n\t\t\t\t\t<\/div>\n\t\t\t\t<\/div>\n\t\t\t\t\t<\/div>\n\t\t\t\t<\/section>\n\t\t\t\t<\/div>\n\t\t","protected":false},"excerpt":{"rendered":"<p>Till startsidan Om oss TN-Bryggan \u00e4r ett familjef\u00f6retag som bygger och levererar bryggor av olika modeller samt erbjuder helhetsl\u00f6sningar f\u00f6r b\u00e5de st\u00f6rre och mindre hamnprojekt. Vi hj\u00e4lper till att hitta r\u00e4tt brygga som passar kundens behov. \u00c4nnu viktigare, hitta r\u00e4tt brygga f\u00f6r r\u00e4tt plats. R\u00e4tt brygga och f\u00f6rankring f\u00f6r att g\u00f6ra bryggan s\u00e4ker och fungerande [&hellip;]<\/p>\n","protected":false},"author":1,"featured_media":0,"parent":0,"menu_order":0,"comment_status":"closed","ping_status":"closed","template":"","meta":{"_acf_changed":false,"_seopress_robots_primary_cat":"","_seopress_titles_title":"Om oss %%sep%% TN-Bryggan - r\u00e4tt brygga f\u00f6r r\u00e4tt plats","_seopress_titles_desc":"TN-Bryggan \u00e4r ett familjef\u00f6retag som bygger och levererar bryggor samt erbjuder helhetsl\u00f6sningar f\u00f6r hamnprojekt. Vi hj\u00e4lper dig hitta r\u00e4tt brygga f\u00f6r r\u00e4tt plats.  ","_seopress_robots_index":"","inline_featured_image":false,"footnotes":""},"class_list":["post-3326","page","type-page","status-publish","hentry"],"acf":[],"_links":{"self":[{"href":"https:\/\/www.tn-laituri.fi\/sv\/wp-json\/wp\/v2\/pages\/3326","targetHints":{"allow":["GET"]}}],"collection":[{"href":"https:\/\/www.tn-laituri.fi\/sv\/wp-json\/wp\/v2\/pages"}],"about":[{"href":"https:\/\/www.tn-laituri.fi\/sv\/wp-json\/wp\/v2\/types\/page"}],"author":[{"embeddable":true,"href":"https:\/\/www.tn-laituri.fi\/sv\/wp-json\/wp\/v2\/users\/1"}],"replies":[{"embeddable":true,"href":"https:\/\/www.tn-laituri.fi\/sv\/wp-json\/wp\/v2\/comments?post=3326"}],"version-history":[{"count":5,"href":"https:\/\/www.tn-laituri.fi\/sv\/wp-json\/wp\/v2\/pages\/3326\/revisions"}],"predecessor-version":[{"id":4152,"href":"https:\/\/www.tn-laituri.fi\/sv\/wp-json\/wp\/v2\/pages\/3326\/revisions\/4152"}],"wp:attachment":[{"href":"https:\/\/www.tn-laituri.fi\/sv\/wp-json\/wp\/v2\/media?parent=3326"}],"curies":[{"name":"wp","href":"https:\/\/api.w.org\/{rel}","templated":true}]}}