{"id":3314,"date":"2024-01-24T13:33:39","date_gmt":"2024-01-24T11:33:39","guid":{"rendered":"http:\/\/www.tn-laituri.fi\/flytande-bathus\/"},"modified":"2024-11-05T16:35:43","modified_gmt":"2024-11-05T14:35:43","slug":"flytande-bathus","status":"publish","type":"page","link":"https:\/\/www.tn-laituri.fi\/sv\/flytande-bathus\/","title":{"rendered":"Flytande b\u00e5thus"},"content":{"rendered":"\t\t<div data-elementor-type=\"wp-page\" data-elementor-id=\"3314\" class=\"elementor elementor-3314 elementor-1209\" data-elementor-post-type=\"page\">\n\t\t\t\t<section class=\"e-con-top elementor-element elementor-element-d2ef5bc rey-section-stretched e-flex e-con-boxed e-con e-parent\" data-id=\"d2ef5bc\" data-element_type=\"container\" data-e-type=\"container\" data-settings=\"{&quot;background_background&quot;:&quot;classic&quot;,&quot;_ob_use_container_extras&quot;:&quot;no&quot;,&quot;_ob_column_hoveranimator&quot;:&quot;no&quot;,&quot;_ob_glider_is_slider&quot;:&quot;no&quot;,&quot;_ob_column_has_pseudo&quot;:&quot;no&quot;}\">\n\t\t\t\t\t<div class=\"e-con-inner\">\n\t\t\t\t\t<\/div>\n\t\t\t\t<\/section>\n\t\t<section class=\"e-con-top elementor-element elementor-element-ffd4d2e rey-section-stretched e-flex e-con-boxed e-con e-parent\" data-id=\"ffd4d2e\" data-element_type=\"container\" data-e-type=\"container\" data-settings=\"{&quot;background_background&quot;:&quot;classic&quot;,&quot;_ob_use_container_extras&quot;:&quot;no&quot;,&quot;_ob_column_hoveranimator&quot;:&quot;no&quot;,&quot;_ob_glider_is_slider&quot;:&quot;no&quot;,&quot;_ob_column_has_pseudo&quot;:&quot;no&quot;}\">\n\t\t\t\t\t<div class=\"e-con-inner\">\n\t\t<div class=\"elementor-element elementor-element-2a97ff1 e-flex e-con-boxed e-con e-child\" data-id=\"2a97ff1\" data-element_type=\"container\" data-e-type=\"container\" data-settings=\"{&quot;_ob_use_container_extras&quot;:&quot;no&quot;,&quot;_ob_column_hoveranimator&quot;:&quot;no&quot;,&quot;_ob_glider_is_slider&quot;:&quot;no&quot;,&quot;_ob_column_has_pseudo&quot;:&quot;no&quot;}\">\n\t\t\t\t\t<div class=\"e-con-inner\">\n\t\t<div class=\"elementor-element elementor-element-c3049c2 e-grid e-con-boxed e-con e-child\" data-id=\"c3049c2\" data-element_type=\"container\" data-e-type=\"container\" data-settings=\"{&quot;_ob_use_container_extras&quot;:&quot;no&quot;,&quot;_ob_column_hoveranimator&quot;:&quot;no&quot;,&quot;_ob_glider_is_slider&quot;:&quot;no&quot;,&quot;_ob_column_has_pseudo&quot;:&quot;no&quot;}\">\n\t\t\t\t\t<div class=\"e-con-inner\">\n\t\t\t\t<div class=\"elementor-element elementor-element-72a63b3 ob-has-background-overlay elementor-widget elementor-widget-button\" data-id=\"72a63b3\" data-element_type=\"widget\" data-e-type=\"widget\" data-settings=\"{&quot;_ob_butterbutton_use_it&quot;:&quot;no&quot;,&quot;_ob_widget_stalker_use&quot;:&quot;no&quot;,&quot;_ob_poopart_use&quot;:&quot;yes&quot;,&quot;_ob_shadough_use&quot;:&quot;no&quot;,&quot;_ob_allow_hoveranimator&quot;:&quot;no&quot;}\" data-widget_type=\"button.default\">\n\t\t\t\t<div class=\"elementor-widget-container\">\n\t\t\t\t\t\t\t\t\t<div class=\"elementor-button-wrapper\">\n\t\t\t\t\t<a class=\"elementor-button elementor-button-link elementor-size-sm\" href=\"https:\/\/www.tn-laituri.fi\/sv\/\">\n\t\t\t\t\t\t<span class=\"elementor-button-content-wrapper\">\n\t\t\t\t\t\t<span class=\"elementor-button-icon\">\n\t\t\t\t<i aria-hidden=\"true\" class=\"fas fa-arrow-circle-left\"><\/i>\t\t\t<\/span>\n\t\t\t\t\t\t\t\t\t<span class=\"elementor-button-text\">Till startsidan<\/span>\n\t\t\t\t\t<\/span>\n\t\t\t\t\t<\/a>\n\t\t\t\t<\/div>\n\t\t\t\t\t\t\t\t<\/div>\n\t\t\t\t<\/div>\n\t\t\t\t<div class=\"elementor-element elementor-element-ca59baf ob-has-background-overlay elementor-widget elementor-widget-image\" data-id=\"ca59baf\" data-element_type=\"widget\" data-e-type=\"widget\" data-settings=\"{&quot;_ob_photomorph_use&quot;:&quot;no&quot;,&quot;_ob_widget_stalker_use&quot;:&quot;no&quot;,&quot;_ob_poopart_use&quot;:&quot;yes&quot;,&quot;_ob_shadough_use&quot;:&quot;no&quot;,&quot;_ob_allow_hoveranimator&quot;:&quot;no&quot;}\" data-widget_type=\"image.default\">\n\t\t\t\t<div class=\"elementor-widget-container\">\n\t\t\t\t\t\t\t\t\t\t\t\t\t\t\t<img fetchpriority=\"high\" decoding=\"async\" width=\"500\" height=\"313\" src=\"https:\/\/www.tn-laituri.fi\/wp-content\/uploads\/2024\/01\/Valmistettu_Suomessa-min.png\" class=\"attachment-large size-large wp-image-2727\" alt=\"\" srcset=\"https:\/\/www.tn-laituri.fi\/wp-content\/uploads\/2024\/01\/Valmistettu_Suomessa-min.png 500w, https:\/\/www.tn-laituri.fi\/wp-content\/uploads\/2024\/01\/Valmistettu_Suomessa-min-300x188.png 300w\" sizes=\"(max-width: 500px) 100vw, 500px\" \/>\t\t\t\t\t\t\t\t\t\t\t\t\t\t\t<\/div>\n\t\t\t\t<\/div>\n\t\t\t\t\t<\/div>\n\t\t\t\t<\/div>\n\t\t\t\t<div class=\"elementor-element elementor-element-a3d6603 ob-harakiri-inherit ob-has-background-overlay elementor-widget elementor-widget-heading\" data-id=\"a3d6603\" data-element_type=\"widget\" data-e-type=\"widget\" data-settings=\"{&quot;_ob_use_harakiri&quot;:&quot;yes&quot;,&quot;_ob_harakiri_writing_mode&quot;:&quot;inherit&quot;,&quot;_ob_harakiri_text_clip&quot;:&quot;none&quot;,&quot;_ob_widget_stalker_use&quot;:&quot;no&quot;,&quot;_ob_poopart_use&quot;:&quot;yes&quot;,&quot;_ob_shadough_use&quot;:&quot;no&quot;,&quot;_ob_allow_hoveranimator&quot;:&quot;no&quot;}\" data-widget_type=\"heading.default\">\n\t\t\t\t<div class=\"elementor-widget-container\">\n\t\t\t\t\t<h1 class=\"elementor-heading-title elementor-size-default\">Flytande b\u00e5thus\n<\/h1>\t\t\t\t<\/div>\n\t\t\t\t<\/div>\n\t\t<div class=\"elementor-element elementor-element-e46f911 e-flex e-con-boxed e-con e-child\" data-id=\"e46f911\" data-element_type=\"container\" data-e-type=\"container\" data-settings=\"{&quot;_ob_use_container_extras&quot;:&quot;no&quot;,&quot;_ob_column_hoveranimator&quot;:&quot;no&quot;,&quot;_ob_glider_is_slider&quot;:&quot;no&quot;,&quot;_ob_column_has_pseudo&quot;:&quot;no&quot;}\">\n\t\t\t\t\t<div class=\"e-con-inner\">\n\t\t\t\t<div class=\"elementor-element elementor-element-79fd907 elementor-widget__width-initial ob-harakiri-inherit ob-has-background-overlay elementor-widget elementor-widget-text-editor\" data-id=\"79fd907\" data-element_type=\"widget\" data-e-type=\"widget\" data-settings=\"{&quot;_ob_use_harakiri&quot;:&quot;yes&quot;,&quot;_ob_harakiri_writing_mode&quot;:&quot;inherit&quot;,&quot;_ob_postman_use&quot;:&quot;no&quot;,&quot;_ob_widget_stalker_use&quot;:&quot;no&quot;,&quot;_ob_poopart_use&quot;:&quot;yes&quot;,&quot;_ob_shadough_use&quot;:&quot;no&quot;,&quot;_ob_allow_hoveranimator&quot;:&quot;no&quot;}\" data-widget_type=\"text-editor.default\">\n\t\t\t\t<div class=\"elementor-widget-container\">\n\t\t\t\t\t\t\t\t\t<p>Ett modernt alternativ till gamla traditionella b\u00e5thus. Flytande b\u00e5thusets f\u00f6rdelar till de traditionella \u00e4r att de alltid \u00e4r p\u00e5 samma h\u00f6jd oberoende vattenst\u00e5nd. <\/p>\n<ul>\n<li>Varmf\u00f6rzinkad st\u00e5lkonstruktion<\/li>\n<li>Huselement grundm\u00e5lat med f\u00f6nster, d\u00f6rrar och tak <\/li>\n<li>Reservation f\u00f6r l\u00e4genhet i \u00f6vre v\u00e5ningen (120)<\/li>\n<\/ul>\n\t\t\t\t\t\t\t\t<\/div>\n\t\t\t\t<\/div>\n\t\t\t\t<div class=\"elementor-element elementor-element-808d6c3 elementor-align-right elementor-tablet-align-justify elementor-widget__width-initial ob-has-background-overlay elementor-widget elementor-widget-button\" data-id=\"808d6c3\" data-element_type=\"widget\" data-e-type=\"widget\" data-settings=\"{&quot;_ob_butterbutton_use_it&quot;:&quot;no&quot;,&quot;_ob_widget_stalker_use&quot;:&quot;no&quot;,&quot;_ob_poopart_use&quot;:&quot;yes&quot;,&quot;_ob_shadough_use&quot;:&quot;no&quot;,&quot;_ob_allow_hoveranimator&quot;:&quot;no&quot;}\" data-widget_type=\"button.default\">\n\t\t\t\t<div class=\"elementor-widget-container\">\n\t\t\t\t\t\t\t\t\t<div class=\"elementor-button-wrapper\">\n\t\t\t\t\t<a class=\"elementor-button elementor-button-link elementor-size-sm\" href=\"https:\/\/www.tn-laituri.fi\/sv\/ta-kontakt\/\">\n\t\t\t\t\t\t<span class=\"elementor-button-content-wrapper\">\n\t\t\t\t\t\t<span class=\"elementor-button-icon\">\n\t\t\t\t<i aria-hidden=\"true\" class=\"fas fa-arrow-circle-right\"><\/i>\t\t\t<\/span>\n\t\t\t\t\t\t\t\t\t<span class=\"elementor-button-text\">Be om offert<\/span>\n\t\t\t\t\t<\/span>\n\t\t\t\t\t<\/a>\n\t\t\t\t<\/div>\n\t\t\t\t\t\t\t\t<\/div>\n\t\t\t\t<\/div>\n\t\t\t\t\t<\/div>\n\t\t\t\t<\/div>\n\t\t\t\t\t<\/div>\n\t\t\t\t<\/div>\n\t\t<div class=\"elementor-element elementor-element-1064fbd e-flex e-con-boxed e-con e-child\" data-id=\"1064fbd\" data-element_type=\"container\" data-e-type=\"container\" data-settings=\"{&quot;background_background&quot;:&quot;classic&quot;,&quot;_ob_use_container_extras&quot;:&quot;no&quot;,&quot;_ob_column_hoveranimator&quot;:&quot;no&quot;,&quot;_ob_glider_is_slider&quot;:&quot;no&quot;,&quot;_ob_column_has_pseudo&quot;:&quot;no&quot;}\">\n\t\t\t\t\t<div class=\"e-con-inner\">\n\t\t<div class=\"elementor-element elementor-element-0701ab0 e-flex e-con-boxed e-con e-child\" data-id=\"0701ab0\" data-element_type=\"container\" data-e-type=\"container\" data-settings=\"{&quot;_ob_use_container_extras&quot;:&quot;no&quot;,&quot;_ob_column_hoveranimator&quot;:&quot;no&quot;,&quot;_ob_glider_is_slider&quot;:&quot;no&quot;,&quot;_ob_column_has_pseudo&quot;:&quot;no&quot;}\">\n\t\t\t\t\t<div class=\"e-con-inner\">\n\t\t\t\t<div class=\"elementor-element elementor-element-b427f67 ob-harakiri-inherit ob-has-background-overlay elementor-widget elementor-widget-heading\" data-id=\"b427f67\" data-element_type=\"widget\" data-e-type=\"widget\" data-settings=\"{&quot;_ob_use_harakiri&quot;:&quot;yes&quot;,&quot;_ob_harakiri_writing_mode&quot;:&quot;inherit&quot;,&quot;_ob_harakiri_text_clip&quot;:&quot;none&quot;,&quot;_ob_widget_stalker_use&quot;:&quot;no&quot;,&quot;_ob_poopart_use&quot;:&quot;yes&quot;,&quot;_ob_shadough_use&quot;:&quot;no&quot;,&quot;_ob_allow_hoveranimator&quot;:&quot;no&quot;}\" data-widget_type=\"heading.default\">\n\t\t\t\t<div class=\"elementor-widget-container\">\n\t\t\t\t\t<h3 class=\"elementor-heading-title elementor-size-default\">Bildgalleri<\/h3>\t\t\t\t<\/div>\n\t\t\t\t<\/div>\n\t\t\t\t<div class=\"elementor-element elementor-element-5a1599d ob-has-background-overlay elementor-widget elementor-widget-image\" data-id=\"5a1599d\" data-element_type=\"widget\" data-e-type=\"widget\" data-settings=\"{&quot;_ob_photomorph_use&quot;:&quot;no&quot;,&quot;_ob_widget_stalker_use&quot;:&quot;no&quot;,&quot;_ob_poopart_use&quot;:&quot;yes&quot;,&quot;_ob_shadough_use&quot;:&quot;no&quot;,&quot;_ob_allow_hoveranimator&quot;:&quot;no&quot;}\" data-widget_type=\"image.default\">\n\t\t\t\t<div class=\"elementor-widget-container\">\n\t\t\t\t\t\t\t\t\t\t\t\t\t\t\t<img decoding=\"async\" width=\"1661\" height=\"1141\" src=\"https:\/\/www.tn-laituri.fi\/wp-content\/uploads\/2024\/01\/TN-Laituri-kelluva-venevaja.webp\" class=\"attachment-full size-full wp-image-2734\" alt=\"TN-Laituri kelluva venevaja, b\u00e5thus TN-Bryggan\" srcset=\"https:\/\/www.tn-laituri.fi\/wp-content\/uploads\/2024\/01\/TN-Laituri-kelluva-venevaja.webp 1661w, https:\/\/www.tn-laituri.fi\/wp-content\/uploads\/2024\/01\/TN-Laituri-kelluva-venevaja-300x206.webp 300w, https:\/\/www.tn-laituri.fi\/wp-content\/uploads\/2024\/01\/TN-Laituri-kelluva-venevaja-1024x703.webp 1024w, https:\/\/www.tn-laituri.fi\/wp-content\/uploads\/2024\/01\/TN-Laituri-kelluva-venevaja-768x528.webp 768w, https:\/\/www.tn-laituri.fi\/wp-content\/uploads\/2024\/01\/TN-Laituri-kelluva-venevaja-1536x1055.webp 1536w\" sizes=\"(max-width: 1661px) 100vw, 1661px\" \/>\t\t\t\t\t\t\t\t\t\t\t\t\t\t\t<\/div>\n\t\t\t\t<\/div>\n\t\t\t\t<div class=\"elementor-element elementor-element-02795bd ob-has-background-overlay elementor-widget elementor-widget-gallery\" data-id=\"02795bd\" data-element_type=\"widget\" data-e-type=\"widget\" data-settings=\"{&quot;columns_tablet_extra&quot;:3,&quot;columns_tablet&quot;:3,&quot;gap&quot;:{&quot;unit&quot;:&quot;px&quot;,&quot;size&quot;:15,&quot;sizes&quot;:[]},&quot;columns_mobile&quot;:3,&quot;columns&quot;:3,&quot;gallery_layout&quot;:&quot;grid&quot;,&quot;gap_tablet_extra&quot;:{&quot;unit&quot;:&quot;px&quot;,&quot;size&quot;:10,&quot;sizes&quot;:[]},&quot;gap_tablet&quot;:{&quot;unit&quot;:&quot;px&quot;,&quot;size&quot;:10,&quot;sizes&quot;:[]},&quot;gap_mobile&quot;:{&quot;unit&quot;:&quot;px&quot;,&quot;size&quot;:10,&quot;sizes&quot;:[]},&quot;link_to&quot;:&quot;file&quot;,&quot;aspect_ratio&quot;:&quot;3:2&quot;,&quot;overlay_background&quot;:&quot;yes&quot;,&quot;content_hover_animation&quot;:&quot;fade-in&quot;,&quot;_ob_widget_stalker_use&quot;:&quot;no&quot;,&quot;_ob_poopart_use&quot;:&quot;yes&quot;,&quot;_ob_shadough_use&quot;:&quot;no&quot;,&quot;_ob_allow_hoveranimator&quot;:&quot;no&quot;}\" data-widget_type=\"gallery.default\">\n\t\t\t\t<div class=\"elementor-widget-container\">\n\t\t\t\t\t\t\t<div class=\"elementor-gallery__container\">\n\t\t\t\t\t\t\t<a class=\"e-gallery-item elementor-gallery-item elementor-animated-content\" href=\"https:\/\/www.tn-laituri.fi\/wp-content\/uploads\/2024\/01\/TN-Laituri-kelluva-venevaja-bathus-1.webp\" data-elementor-open-lightbox=\"yes\" data-elementor-lightbox-slideshow=\"02795bd\" data-elementor-lightbox-title=\"TN-Laituri kelluva venevaja ba\u030athus 1\" data-e-action-hash=\"#elementor-action%3Aaction%3Dlightbox%26settings%3DeyJpZCI6MTIyOSwidXJsIjoiaHR0cHM6XC9cL3d3dy50bi1sYWl0dXJpLmZpXC93cC1jb250ZW50XC91cGxvYWRzXC8yMDI0XC8wMVwvVE4tTGFpdHVyaS1rZWxsdXZhLXZlbmV2YWphLWJhdGh1cy0xLndlYnAiLCJzbGlkZXNob3ciOiIwMjc5NWJkIn0%3D\">\n\t\t\t\t\t<div class=\"e-gallery-image elementor-gallery-item__image\" data-thumbnail=\"https:\/\/www.tn-laituri.fi\/wp-content\/uploads\/2024\/01\/TN-Laituri-kelluva-venevaja-bathus-1-768x432.webp\" data-width=\"768\" data-height=\"432\" aria-label=\"TN-Laituri kelluva venevaja, b\u00e5thus TN-Bryggan\" role=\"img\" ><\/div>\n\t\t\t\t\t\t\t\t\t\t\t<div class=\"elementor-gallery-item__overlay\"><\/div>\n\t\t\t\t\t\t\t\t\t\t\t\t\t\t<\/a>\n\t\t\t\t\t\t\t<a class=\"e-gallery-item elementor-gallery-item elementor-animated-content\" href=\"https:\/\/www.tn-laituri.fi\/wp-content\/uploads\/2024\/01\/TN-Laituri-kelluva-venevaja-bathus-2.webp\" data-elementor-open-lightbox=\"yes\" data-elementor-lightbox-slideshow=\"02795bd\" data-elementor-lightbox-title=\"TN-Laituri kelluva venevaja ba\u030athus 2\" data-e-action-hash=\"#elementor-action%3Aaction%3Dlightbox%26settings%3DeyJpZCI6MTIzMCwidXJsIjoiaHR0cHM6XC9cL3d3dy50bi1sYWl0dXJpLmZpXC93cC1jb250ZW50XC91cGxvYWRzXC8yMDI0XC8wMVwvVE4tTGFpdHVyaS1rZWxsdXZhLXZlbmV2YWphLWJhdGh1cy0yLndlYnAiLCJzbGlkZXNob3ciOiIwMjc5NWJkIn0%3D\">\n\t\t\t\t\t<div class=\"e-gallery-image elementor-gallery-item__image\" data-thumbnail=\"https:\/\/www.tn-laituri.fi\/wp-content\/uploads\/2024\/01\/TN-Laituri-kelluva-venevaja-bathus-2-768x433.webp\" data-width=\"768\" data-height=\"433\" aria-label=\"TN-Laituri kelluva venevaja, b\u00e5thus TN-Bryggan\" role=\"img\" ><\/div>\n\t\t\t\t\t\t\t\t\t\t\t<div class=\"elementor-gallery-item__overlay\"><\/div>\n\t\t\t\t\t\t\t\t\t\t\t\t\t\t<\/a>\n\t\t\t\t\t\t\t<a class=\"e-gallery-item elementor-gallery-item elementor-animated-content\" href=\"https:\/\/www.tn-laituri.fi\/wp-content\/uploads\/2024\/01\/TN-Laituri-kelluva-venevaja-bathus-3.webp\" data-elementor-open-lightbox=\"yes\" data-elementor-lightbox-slideshow=\"02795bd\" data-elementor-lightbox-title=\"TN-Laituri kelluva venevaja ba\u030athus 3\" data-e-action-hash=\"#elementor-action%3Aaction%3Dlightbox%26settings%3DeyJpZCI6MTIzMSwidXJsIjoiaHR0cHM6XC9cL3d3dy50bi1sYWl0dXJpLmZpXC93cC1jb250ZW50XC91cGxvYWRzXC8yMDI0XC8wMVwvVE4tTGFpdHVyaS1rZWxsdXZhLXZlbmV2YWphLWJhdGh1cy0zLndlYnAiLCJzbGlkZXNob3ciOiIwMjc5NWJkIn0%3D\">\n\t\t\t\t\t<div class=\"e-gallery-image elementor-gallery-item__image\" data-thumbnail=\"https:\/\/www.tn-laituri.fi\/wp-content\/uploads\/2024\/01\/TN-Laituri-kelluva-venevaja-bathus-3-768x432.webp\" data-width=\"768\" data-height=\"432\" aria-label=\"TN-Laituri kelluva venevaja, b\u00e5thus TN-Bryggan\" role=\"img\" ><\/div>\n\t\t\t\t\t\t\t\t\t\t\t<div class=\"elementor-gallery-item__overlay\"><\/div>\n\t\t\t\t\t\t\t\t\t\t\t\t\t\t<\/a>\n\t\t\t\t\t\t\t<a class=\"e-gallery-item elementor-gallery-item elementor-animated-content\" href=\"https:\/\/www.tn-laituri.fi\/wp-content\/uploads\/2024\/01\/TN-Laituri-kelluva-venevaja-bathus-4.webp\" data-elementor-open-lightbox=\"yes\" data-elementor-lightbox-slideshow=\"02795bd\" data-elementor-lightbox-title=\"TN-Laituri kelluva venevaja ba\u030athus 4\" data-e-action-hash=\"#elementor-action%3Aaction%3Dlightbox%26settings%3DeyJpZCI6MTIzMiwidXJsIjoiaHR0cHM6XC9cL3d3dy50bi1sYWl0dXJpLmZpXC93cC1jb250ZW50XC91cGxvYWRzXC8yMDI0XC8wMVwvVE4tTGFpdHVyaS1rZWxsdXZhLXZlbmV2YWphLWJhdGh1cy00LndlYnAiLCJzbGlkZXNob3ciOiIwMjc5NWJkIn0%3D\">\n\t\t\t\t\t<div class=\"e-gallery-image elementor-gallery-item__image\" data-thumbnail=\"https:\/\/www.tn-laituri.fi\/wp-content\/uploads\/2024\/01\/TN-Laituri-kelluva-venevaja-bathus-4-768x432.webp\" data-width=\"768\" data-height=\"432\" aria-label=\"TN-Laituri kelluva venevaja, b\u00e5thus TN-Bryggan\" role=\"img\" ><\/div>\n\t\t\t\t\t\t\t\t\t\t\t<div class=\"elementor-gallery-item__overlay\"><\/div>\n\t\t\t\t\t\t\t\t\t\t\t\t\t\t<\/a>\n\t\t\t\t\t\t\t<a class=\"e-gallery-item elementor-gallery-item elementor-animated-content\" href=\"https:\/\/www.tn-laituri.fi\/wp-content\/uploads\/2024\/01\/TN-Laituri-kelluva-venevaja-bathus-5.webp\" data-elementor-open-lightbox=\"yes\" data-elementor-lightbox-slideshow=\"02795bd\" data-elementor-lightbox-title=\"TN-Laituri kelluva venevaja ba\u030athus 5\" data-e-action-hash=\"#elementor-action%3Aaction%3Dlightbox%26settings%3DeyJpZCI6MTIzMywidXJsIjoiaHR0cHM6XC9cL3d3dy50bi1sYWl0dXJpLmZpXC93cC1jb250ZW50XC91cGxvYWRzXC8yMDI0XC8wMVwvVE4tTGFpdHVyaS1rZWxsdXZhLXZlbmV2YWphLWJhdGh1cy01LndlYnAiLCJzbGlkZXNob3ciOiIwMjc5NWJkIn0%3D\">\n\t\t\t\t\t<div class=\"e-gallery-image elementor-gallery-item__image\" data-thumbnail=\"https:\/\/www.tn-laituri.fi\/wp-content\/uploads\/2024\/01\/TN-Laituri-kelluva-venevaja-bathus-5-768x432.webp\" data-width=\"768\" data-height=\"432\" aria-label=\"TN-Laituri kelluva venevaja, b\u00e5thus TN-Bryggan\" role=\"img\" ><\/div>\n\t\t\t\t\t\t\t\t\t\t\t<div class=\"elementor-gallery-item__overlay\"><\/div>\n\t\t\t\t\t\t\t\t\t\t\t\t\t\t<\/a>\n\t\t\t\t\t\t\t<a class=\"e-gallery-item elementor-gallery-item elementor-animated-content\" href=\"https:\/\/www.tn-laituri.fi\/wp-content\/uploads\/2024\/01\/TN-Laituri-kelluva-venevaja-bathus-6.webp\" data-elementor-open-lightbox=\"yes\" data-elementor-lightbox-slideshow=\"02795bd\" data-elementor-lightbox-title=\"TN-Laituri kelluva venevaja ba\u030athus 6\" data-e-action-hash=\"#elementor-action%3Aaction%3Dlightbox%26settings%3DeyJpZCI6MTIzNCwidXJsIjoiaHR0cHM6XC9cL3d3dy50bi1sYWl0dXJpLmZpXC93cC1jb250ZW50XC91cGxvYWRzXC8yMDI0XC8wMVwvVE4tTGFpdHVyaS1rZWxsdXZhLXZlbmV2YWphLWJhdGh1cy02LndlYnAiLCJzbGlkZXNob3ciOiIwMjc5NWJkIn0%3D\">\n\t\t\t\t\t<div class=\"e-gallery-image elementor-gallery-item__image\" data-thumbnail=\"https:\/\/www.tn-laituri.fi\/wp-content\/uploads\/2024\/01\/TN-Laituri-kelluva-venevaja-bathus-6-768x432.webp\" data-width=\"768\" data-height=\"432\" aria-label=\"TN-Laituri kelluva venevaja, b\u00e5thus TN-Bryggan\" role=\"img\" ><\/div>\n\t\t\t\t\t\t\t\t\t\t\t<div class=\"elementor-gallery-item__overlay\"><\/div>\n\t\t\t\t\t\t\t\t\t\t\t\t\t\t<\/a>\n\t\t\t\t\t<\/div>\n\t\t\t\t\t<\/div>\n\t\t\t\t<\/div>\n\t\t\t\t<div class=\"elementor-element elementor-element-c7ecbac elementor-align-center elementor-mobile-align-center ob-has-background-overlay elementor-widget elementor-widget-button\" data-id=\"c7ecbac\" data-element_type=\"widget\" data-e-type=\"widget\" data-settings=\"{&quot;_ob_butterbutton_use_it&quot;:&quot;no&quot;,&quot;_ob_widget_stalker_use&quot;:&quot;no&quot;,&quot;_ob_poopart_use&quot;:&quot;yes&quot;,&quot;_ob_shadough_use&quot;:&quot;no&quot;,&quot;_ob_allow_hoveranimator&quot;:&quot;no&quot;}\" data-widget_type=\"button.default\">\n\t\t\t\t<div class=\"elementor-widget-container\">\n\t\t\t\t\t\t\t\t\t<div class=\"elementor-button-wrapper\">\n\t\t\t\t\t<a class=\"elementor-button elementor-button-link elementor-size-sm\" href=\"https:\/\/www.tn-laituri.fi\/wp-content\/uploads\/2024\/11\/TN-Bryggan-Garantivillkor.pdf\">\n\t\t\t\t\t\t<span class=\"elementor-button-content-wrapper\">\n\t\t\t\t\t\t\t\t\t<span class=\"elementor-button-text\">Garantivillkor<\/span>\n\t\t\t\t\t<\/span>\n\t\t\t\t\t<\/a>\n\t\t\t\t<\/div>\n\t\t\t\t\t\t\t\t<\/div>\n\t\t\t\t<\/div>\n\t\t\t\t\t<\/div>\n\t\t\t\t<\/div>\n\t\t\t\t\t<\/div>\n\t\t\t\t<\/div>\n\t\t\t\t<div class=\"elementor-element elementor-element-4888542 elementor-cta--layout-image-right elementor-cta--tablet-layout-image-above elementor-cta--valign-middle elementor-cta--skin-classic elementor-animated-content ob-has-background-overlay elementor-widget elementor-widget-call-to-action\" data-id=\"4888542\" data-element_type=\"widget\" data-e-type=\"widget\" data-settings=\"{&quot;_ob_widget_stalker_use&quot;:&quot;no&quot;,&quot;_ob_poopart_use&quot;:&quot;yes&quot;,&quot;_ob_shadough_use&quot;:&quot;no&quot;,&quot;_ob_allow_hoveranimator&quot;:&quot;no&quot;}\" data-widget_type=\"call-to-action.default\">\n\t\t\t\t<div class=\"elementor-widget-container\">\n\t\t\t\t\t\t\t<div class=\"elementor-cta\">\n\t\t\t\t\t<div class=\"elementor-cta__bg-wrapper\">\n\t\t\t\t<div class=\"elementor-cta__bg elementor-bg\" style=\"background-image: url(https:\/\/www.tn-laituri.fi\/wp-content\/uploads\/2024\/01\/TN-Laituri-kelluva-venevaja-bathus-1.webp);\" role=\"img\" aria-label=\"TN-Laituri kelluva venevaja, b\u00e5thus TN-Bryggan\"><\/div>\n\t\t\t\t<div class=\"elementor-cta__bg-overlay\"><\/div>\n\t\t\t<\/div>\n\t\t\t\t\t\t\t<div class=\"elementor-cta__content\">\n\t\t\t\t\n\t\t\t\t\t\t\t\t\t<h5 class=\"elementor-cta__title elementor-cta__content-item elementor-content-item\">\n\t\t\t\t\t\tBlev du intresserad?\t\t\t\t\t<\/h5>\n\t\t\t\t\n\t\t\t\t\t\t\t\t\t<div class=\"elementor-cta__description elementor-cta__content-item elementor-content-item\">\n\t\t\t\t\t\t<p>L\u00e5ter n\u00e5got av detta intressant? H\u00f6r g\u00e4rna av dig s\u00e5 diskuterar vi mer, konsultationen kostar ingenting! <\/p>\n\t\t\t\t\t<\/div>\n\t\t\t\t\n\t\t\t\t\t\t\t\t\t<div class=\"elementor-cta__button-wrapper elementor-cta__content-item elementor-content-item \">\n\t\t\t\t\t<a class=\"elementor-cta__button elementor-button elementor-size-\" href=\"https:\/\/www.tn-laituri.fi\/sv\/ta-kontakt\/\">\n\t\t\t\t\t\tBe om offert!\t\t\t\t\t<\/a>\n\t\t\t\t\t<\/div>\n\t\t\t\t\t\t\t<\/div>\n\t\t\t\t\t\t<\/div>\n\t\t\t\t\t\t<\/div>\n\t\t\t\t<\/div>\n\t\t\t\t\t<\/div>\n\t\t\t\t<\/section>\n\t\t\t\t<\/div>\n\t\t","protected":false},"excerpt":{"rendered":"<p>Till startsidan Flytande b\u00e5thus Ett modernt alternativ till gamla traditionella b\u00e5thus. Flytande b\u00e5thusets f\u00f6rdelar till de traditionella \u00e4r att de alltid \u00e4r p\u00e5 samma h\u00f6jd oberoende vattenst\u00e5nd. Varmf\u00f6rzinkad st\u00e5lkonstruktion Huselement grundm\u00e5lat med f\u00f6nster, d\u00f6rrar och tak Reservation f\u00f6r l\u00e4genhet i \u00f6vre v\u00e5ningen (120) Be om offert Bildgalleri Garantivillkor Blev du intresserad? L\u00e5ter n\u00e5got av detta [&hellip;]<\/p>\n","protected":false},"author":1,"featured_media":0,"parent":0,"menu_order":0,"comment_status":"closed","ping_status":"closed","template":"","meta":{"_acf_changed":false,"_seopress_robots_primary_cat":"","_seopress_titles_title":"Flytande b\u00e5thus %%sep%% TN-Laituri","_seopress_titles_desc":"Ett modernt alternativ till gamla traditionella b\u00e5thus. Flytande b\u00e5thusets f\u00f6rdelar till de traditionella \u00e4r att de alltid \u00e4r p\u00e5 samma h\u00f6jd oberoende vattenst\u00e5nd. ","_seopress_robots_index":"","inline_featured_image":false,"footnotes":""},"class_list":["post-3314","page","type-page","status-publish","hentry"],"acf":[],"_links":{"self":[{"href":"https:\/\/www.tn-laituri.fi\/sv\/wp-json\/wp\/v2\/pages\/3314","targetHints":{"allow":["GET"]}}],"collection":[{"href":"https:\/\/www.tn-laituri.fi\/sv\/wp-json\/wp\/v2\/pages"}],"about":[{"href":"https:\/\/www.tn-laituri.fi\/sv\/wp-json\/wp\/v2\/types\/page"}],"author":[{"embeddable":true,"href":"https:\/\/www.tn-laituri.fi\/sv\/wp-json\/wp\/v2\/users\/1"}],"replies":[{"embeddable":true,"href":"https:\/\/www.tn-laituri.fi\/sv\/wp-json\/wp\/v2\/comments?post=3314"}],"version-history":[{"count":5,"href":"https:\/\/www.tn-laituri.fi\/sv\/wp-json\/wp\/v2\/pages\/3314\/revisions"}],"predecessor-version":[{"id":4031,"href":"https:\/\/www.tn-laituri.fi\/sv\/wp-json\/wp\/v2\/pages\/3314\/revisions\/4031"}],"wp:attachment":[{"href":"https:\/\/www.tn-laituri.fi\/sv\/wp-json\/wp\/v2\/media?parent=3314"}],"curies":[{"name":"wp","href":"https:\/\/api.w.org\/{rel}","templated":true}]}}